{"id":19,"date":"2020-12-17T14:52:29","date_gmt":"2020-12-17T13:52:29","guid":{"rendered":"https:\/\/samanthaestilistas.es\/?page_id=19"},"modified":"2024-06-18T21:23:24","modified_gmt":"2024-06-18T19:23:24","slug":"conocenos","status":"publish","type":"page","link":"https:\/\/samanthaestilistas.es\/es\/conocenos\/","title":{"rendered":"Con\u00f3cenos"},"content":{"rendered":"<div class=\"wpb-content-wrapper\"><section class=\"vc_section\"><div class=\"vc_row wpb_row vc_row-fluid\"><div class=\"wpb_column vc_column_container vc_col-sm-12\"><div class=\"vc_column-inner\"><div class=\"wpb_wrapper\">\n\t<div class=\"wpb_text_column wpb_content_element \" >\n\t\t<div class=\"wpb_wrapper\">\n\t\t\t<h1 style=\"text-align: center;\">Tu estilo nos importa<\/h1>\n\n\t\t<\/div>\n\t<\/div>\n<div class=\"vc_row wpb_row vc_inner vc_row-fluid\"><div class=\"wpb_column vc_column_container vc_col-sm-2\"><div class=\"vc_column-inner\"><div class=\"wpb_wrapper\"><\/div><\/div><\/div><div class=\"wpb_column vc_column_container vc_col-sm-8\"><div class=\"vc_column-inner\"><div class=\"wpb_wrapper\">\n\t<div class=\"wpb_text_column wpb_content_element \" >\n\t\t<div class=\"wpb_wrapper\">\n\t\t\t<p>Con <strong>m\u00e1s de 28 a\u00f1os de experiencia<\/strong> desde 1995 y una continua formaci\u00f3n en las principales academias y con reconocidos profesionales internacionales en el mundo de la imagen en ciudades como Barcelona, Mil\u00e1n, Bolonia, Londres, y Dubl\u00edn, en <strong>Samantha -Perruquers &amp; Barbers-<\/strong> nos mantenemos siempre a la vanguardia de todos los estilos.<\/p>\n<p>Nuestro sal\u00f3n nace con un estilo propio que nos distingue y nos mantiene actualizados en las \u00faltimas tendencias. Hacemos de nuestra pasi\u00f3n nuestro trabajo, y lo reflejamos en cada servicio que realizamos.<\/p>\n<p>En <strong>Samantha -Perruquers &amp; Barbers-<\/strong> estamos comprometidos con la diversidad y la inclusi\u00f3n. Nos enorgullece ofrecer un espacio seguro y acogedor para todas las personas, independientemente de su orientaci\u00f3n sexual o identidad de g\u00e9nero. Creemos en la igualdad y el respeto mutuo, y nos esforzamos por promover la aceptaci\u00f3n y la diversidad en nuestra comunidad.<\/p>\n<p>Adem\u00e1s, ofrecemos un servicio cercano y exclusivo a cada uno de nuestros clientes, siempre utilizando productos de calidad, veganos y eco-sostenibles. Perm\u00edtenos crear tu pr\u00f3ximo look y experimenta la diferencia de una atenci\u00f3n personalizada y un compromiso con la inclusi\u00f3n, la calidad y el cuidado del medio ambiente.<\/p>\n\n\t\t<\/div>\n\t<\/div>\n<\/div><\/div><\/div><div class=\"wpb_column vc_column_container vc_col-sm-2\"><div class=\"vc_column-inner\"><div class=\"wpb_wrapper\"><\/div><\/div><\/div><\/div><\/div><\/div><\/div><\/div><\/section><div class=\"vc_row wpb_row vc_row-fluid\"><div class=\"wpb_column vc_column_container vc_col-sm-12\"><div class=\"vc_column-inner\"><div class=\"wpb_wrapper\"><div class=\"vc_empty_space\"   style=\"height: 32px\"><span class=\"vc_empty_space_inner\"><\/span><\/div><\/div><\/div><\/div><\/div><div class=\"vc_row wpb_row vc_row-fluid\"><div class=\"wpb_column vc_column_container vc_col-sm-4\"><div class=\"vc_column-inner\"><div class=\"wpb_wrapper\">\n\t<div  class=\"wpb_single_image wpb_content_element vc_align_center\">\n\t\t\n\t\t<figure class=\"wpb_wrapper vc_figure\">\n\t\t\t<div class=\"vc_single_image-wrapper   vc_box_border_grey\"><img loading=\"lazy\" decoding=\"async\" width=\"720\" height=\"1080\" src=\"https:\/\/samanthaestilistas.es\/wp-content\/uploads\/2021\/06\/personal-1.jpg\" class=\"vc_single_image-img attachment-full\" alt=\"\" title=\"\" srcset=\"https:\/\/samanthaestilistas.es\/wp-content\/uploads\/2021\/06\/personal-1.jpg 720w, https:\/\/samanthaestilistas.es\/wp-content\/uploads\/2021\/06\/personal-1-200x300.jpg 200w, https:\/\/samanthaestilistas.es\/wp-content\/uploads\/2021\/06\/personal-1-683x1024.jpg 683w, https:\/\/samanthaestilistas.es\/wp-content\/uploads\/2021\/06\/personal-1-8x12.jpg 8w\" sizes=\"auto, (max-width: 720px) 100vw, 720px\"  data-dt-location=\"https:\/\/samanthaestilistas.es\/es\/conocenos\/personal-1\/\" \/><\/div>\n\t\t<\/figure>\n\t<\/div>\n<\/div><\/div><\/div><div class=\"wpb_column vc_column_container vc_col-sm-4\"><div class=\"vc_column-inner\"><div class=\"wpb_wrapper\">\n\t<div  class=\"wpb_single_image wpb_content_element vc_align_center\">\n\t\t\n\t\t<figure class=\"wpb_wrapper vc_figure\">\n\t\t\t<div class=\"vc_single_image-wrapper   vc_box_border_grey\"><img loading=\"lazy\" decoding=\"async\" width=\"720\" height=\"1080\" src=\"https:\/\/samanthaestilistas.es\/wp-content\/uploads\/2021\/06\/samantha.jpg\" class=\"vc_single_image-img attachment-full\" alt=\"\" title=\"\" srcset=\"https:\/\/samanthaestilistas.es\/wp-content\/uploads\/2021\/06\/samantha.jpg 720w, https:\/\/samanthaestilistas.es\/wp-content\/uploads\/2021\/06\/samantha-200x300.jpg 200w, https:\/\/samanthaestilistas.es\/wp-content\/uploads\/2021\/06\/samantha-683x1024.jpg 683w, https:\/\/samanthaestilistas.es\/wp-content\/uploads\/2021\/06\/samantha-8x12.jpg 8w\" sizes=\"auto, (max-width: 720px) 100vw, 720px\"  data-dt-location=\"https:\/\/samanthaestilistas.es\/es\/conocenos\/samantha\/\" \/><\/div>\n\t\t<\/figure>\n\t<\/div>\n<\/div><\/div><\/div><div class=\"wpb_column vc_column_container vc_col-sm-4\"><div class=\"vc_column-inner\"><div class=\"wpb_wrapper\">\n\t<div  class=\"wpb_single_image wpb_content_element vc_align_center\">\n\t\t\n\t\t<figure class=\"wpb_wrapper vc_figure\">\n\t\t\t<div class=\"vc_single_image-wrapper   vc_box_border_grey\"><img loading=\"lazy\" decoding=\"async\" width=\"720\" height=\"1080\" src=\"https:\/\/samanthaestilistas.es\/wp-content\/uploads\/2021\/06\/pedro.jpg\" class=\"vc_single_image-img attachment-full\" alt=\"\" title=\"\" srcset=\"https:\/\/samanthaestilistas.es\/wp-content\/uploads\/2021\/06\/pedro.jpg 720w, https:\/\/samanthaestilistas.es\/wp-content\/uploads\/2021\/06\/pedro-200x300.jpg 200w, https:\/\/samanthaestilistas.es\/wp-content\/uploads\/2021\/06\/pedro-683x1024.jpg 683w, https:\/\/samanthaestilistas.es\/wp-content\/uploads\/2021\/06\/pedro-8x12.jpg 8w\" sizes=\"auto, (max-width: 720px) 100vw, 720px\"  data-dt-location=\"https:\/\/samanthaestilistas.es\/es\/conocenos\/pedro\/\" \/><\/div>\n\t\t<\/figure>\n\t<\/div>\n<\/div><\/div><\/div><\/div><div class=\"vc_row wpb_row vc_row-fluid\"><div class=\"wpb_column vc_column_container vc_col-sm-4\"><div class=\"vc_column-inner\"><div class=\"wpb_wrapper\">\n\t<div  class=\"wpb_single_image wpb_content_element vc_align_center\">\n\t\t\n\t\t<figure class=\"wpb_wrapper vc_figure\">\n\t\t\t<div class=\"vc_single_image-wrapper   vc_box_border_grey\"><img loading=\"lazy\" decoding=\"async\" width=\"683\" height=\"1024\" src=\"https:\/\/samanthaestilistas.es\/wp-content\/uploads\/2024\/06\/personal.jpg\" class=\"vc_single_image-img attachment-full\" alt=\"\" title=\"personal\" srcset=\"https:\/\/samanthaestilistas.es\/wp-content\/uploads\/2024\/06\/personal.jpg 683w, https:\/\/samanthaestilistas.es\/wp-content\/uploads\/2024\/06\/personal-200x300.jpg 200w, https:\/\/samanthaestilistas.es\/wp-content\/uploads\/2024\/06\/personal-8x12.jpg 8w\" sizes=\"auto, (max-width: 683px) 100vw, 683px\"  data-dt-location=\"https:\/\/samanthaestilistas.es\/es\/conocenos\/personal\/\" \/><\/div>\n\t\t<\/figure>\n\t<\/div>\n<\/div><\/div><\/div><div class=\"wpb_column vc_column_container vc_col-sm-4\"><div class=\"vc_column-inner\"><div class=\"wpb_wrapper\"><\/div><\/div><\/div><div class=\"wpb_column vc_column_container vc_col-sm-4\"><div class=\"vc_column-inner\"><div class=\"wpb_wrapper\">\n\t<div  class=\"wpb_single_image wpb_content_element vc_align_center\">\n\t\t\n\t\t<figure class=\"wpb_wrapper vc_figure\">\n\t\t\t<div class=\"vc_single_image-wrapper   vc_box_border_grey\"><img loading=\"lazy\" decoding=\"async\" width=\"683\" height=\"1024\" src=\"https:\/\/samanthaestilistas.es\/wp-content\/uploads\/2024\/06\/personal-2.jpg\" class=\"vc_single_image-img attachment-full\" alt=\"\" title=\"personal-2\" srcset=\"https:\/\/samanthaestilistas.es\/wp-content\/uploads\/2024\/06\/personal-2.jpg 683w, https:\/\/samanthaestilistas.es\/wp-content\/uploads\/2024\/06\/personal-2-200x300.jpg 200w, https:\/\/samanthaestilistas.es\/wp-content\/uploads\/2024\/06\/personal-2-8x12.jpg 8w\" sizes=\"auto, (max-width: 683px) 100vw, 683px\"  data-dt-location=\"https:\/\/samanthaestilistas.es\/es\/conocenos\/personal-2-2\/\" \/><\/div>\n\t\t<\/figure>\n\t<\/div>\n<\/div><\/div><\/div><\/div>\n<\/div>","protected":false},"excerpt":{"rendered":"<p>Tu estilo nos importa Con m\u00e1s de 28 a\u00f1os de experiencia desde 1995 y una continua formaci\u00f3n en las principales academias y con reconocidos profesionales internacionales en el mundo de la imagen en ciudades como Barcelona, Mil\u00e1n, Bolonia, Londres, y Dubl\u00edn, en Samantha -Perruquers &amp; Barbers- nos mantenemos siempre a la vanguardia de todos los&hellip;<\/p>\n","protected":false},"author":4,"featured_media":0,"parent":0,"menu_order":0,"comment_status":"closed","ping_status":"closed","template":"","meta":{"footnotes":""},"class_list":["post-19","page","type-page","status-publish","hentry","description-off"],"yoast_head":"<!-- This site is optimized with the Yoast SEO plugin v27.4 - https:\/\/yoast.com\/product\/yoast-seo-wordpress\/ -->\n<title>Con\u00f3cenos - Samantha - Perruquers &amp; Barbers<\/title>\n<meta name=\"robots\" content=\"index, follow, max-snippet:-1, max-image-preview:large, max-video-preview:-1\" \/>\n<link rel=\"canonical\" href=\"https:\/\/samanthaestilistas.es\/es\/conocenos\/\" \/>\n<meta property=\"og:locale\" content=\"es_ES\" \/>\n<meta property=\"og:type\" content=\"article\" \/>\n<meta property=\"og:title\" content=\"Con\u00f3cenos - Samantha - Perruquers &amp; Barbers\" \/>\n<meta property=\"og:url\" content=\"https:\/\/samanthaestilistas.es\/es\/conocenos\/\" \/>\n<meta property=\"og:site_name\" content=\"Samantha - Perruquers &amp; Barbers\" \/>\n<meta property=\"article:modified_time\" content=\"2024-06-18T19:23:24+00:00\" \/>\n<meta name=\"twitter:card\" content=\"summary_large_image\" \/>\n<meta name=\"twitter:label1\" content=\"Tiempo de lectura\" \/>\n\t<meta name=\"twitter:data1\" content=\"4 minutos\" \/>\n<script type=\"application\/ld+json\" class=\"yoast-schema-graph\">{\"@context\":\"https:\\\/\\\/schema.org\",\"@graph\":[{\"@type\":\"WebPage\",\"@id\":\"https:\\\/\\\/samanthaestilistas.es\\\/conocenos\\\/\",\"url\":\"https:\\\/\\\/samanthaestilistas.es\\\/conocenos\\\/\",\"name\":\"Con\u00f3cenos - Samantha - Perruquers &amp; Barbers\",\"isPartOf\":{\"@id\":\"https:\\\/\\\/samanthaestilistas.es\\\/es\\\/#website\"},\"datePublished\":\"2020-12-17T13:52:29+00:00\",\"dateModified\":\"2024-06-18T19:23:24+00:00\",\"breadcrumb\":{\"@id\":\"https:\\\/\\\/samanthaestilistas.es\\\/conocenos\\\/#breadcrumb\"},\"inLanguage\":\"es\",\"potentialAction\":[{\"@type\":\"ReadAction\",\"target\":[\"https:\\\/\\\/samanthaestilistas.es\\\/conocenos\\\/\"]}]},{\"@type\":\"BreadcrumbList\",\"@id\":\"https:\\\/\\\/samanthaestilistas.es\\\/conocenos\\\/#breadcrumb\",\"itemListElement\":[{\"@type\":\"ListItem\",\"position\":1,\"name\":\"Portada\",\"item\":\"https:\\\/\\\/samanthaestilistas.es\\\/\"},{\"@type\":\"ListItem\",\"position\":2,\"name\":\"Con\u00f3cenos\"}]},{\"@type\":\"WebSite\",\"@id\":\"https:\\\/\\\/samanthaestilistas.es\\\/es\\\/#website\",\"url\":\"https:\\\/\\\/samanthaestilistas.es\\\/es\\\/\",\"name\":\"Samantha - Perruquers &amp; Barbers\",\"description\":\"Peluquer\u00eda y Barber Shop de Sabadell\",\"publisher\":{\"@id\":\"https:\\\/\\\/samanthaestilistas.es\\\/es\\\/#organization\"},\"potentialAction\":[{\"@type\":\"SearchAction\",\"target\":{\"@type\":\"EntryPoint\",\"urlTemplate\":\"https:\\\/\\\/samanthaestilistas.es\\\/es\\\/?s={search_term_string}\"},\"query-input\":{\"@type\":\"PropertyValueSpecification\",\"valueRequired\":true,\"valueName\":\"search_term_string\"}}],\"inLanguage\":\"es\"},{\"@type\":\"Organization\",\"@id\":\"https:\\\/\\\/samanthaestilistas.es\\\/es\\\/#organization\",\"name\":\"Samantha - Perruquers & Barbers\",\"url\":\"https:\\\/\\\/samanthaestilistas.es\\\/es\\\/\",\"logo\":{\"@type\":\"ImageObject\",\"inLanguage\":\"es\",\"@id\":\"https:\\\/\\\/samanthaestilistas.es\\\/es\\\/#\\\/schema\\\/logo\\\/image\\\/\",\"url\":\"https:\\\/\\\/samanthaestilistas.es\\\/wp-content\\\/uploads\\\/2021\\\/09\\\/WhatsApp-Image-2020-03-08-at-20.51.37.jpeg\",\"contentUrl\":\"https:\\\/\\\/samanthaestilistas.es\\\/wp-content\\\/uploads\\\/2021\\\/09\\\/WhatsApp-Image-2020-03-08-at-20.51.37.jpeg\",\"width\":1000,\"height\":1000,\"caption\":\"Samantha - Perruquers & Barbers\"},\"image\":{\"@id\":\"https:\\\/\\\/samanthaestilistas.es\\\/es\\\/#\\\/schema\\\/logo\\\/image\\\/\"}}]}<\/script>\n<!-- \/ Yoast SEO plugin. -->","yoast_head_json":{"title":"Con\u00f3cenos - Samantha - Perruquers &amp; Barbers","robots":{"index":"index","follow":"follow","max-snippet":"max-snippet:-1","max-image-preview":"max-image-preview:large","max-video-preview":"max-video-preview:-1"},"canonical":"https:\/\/samanthaestilistas.es\/es\/conocenos\/","og_locale":"es_ES","og_type":"article","og_title":"Con\u00f3cenos - Samantha - Perruquers &amp; Barbers","og_url":"https:\/\/samanthaestilistas.es\/es\/conocenos\/","og_site_name":"Samantha - Perruquers &amp; Barbers","article_modified_time":"2024-06-18T19:23:24+00:00","twitter_card":"summary_large_image","twitter_misc":{"Tiempo de lectura":"4 minutos"},"schema":{"@context":"https:\/\/schema.org","@graph":[{"@type":"WebPage","@id":"https:\/\/samanthaestilistas.es\/conocenos\/","url":"https:\/\/samanthaestilistas.es\/conocenos\/","name":"Con\u00f3cenos - Samantha - Perruquers &amp; Barbers","isPartOf":{"@id":"https:\/\/samanthaestilistas.es\/es\/#website"},"datePublished":"2020-12-17T13:52:29+00:00","dateModified":"2024-06-18T19:23:24+00:00","breadcrumb":{"@id":"https:\/\/samanthaestilistas.es\/conocenos\/#breadcrumb"},"inLanguage":"es","potentialAction":[{"@type":"ReadAction","target":["https:\/\/samanthaestilistas.es\/conocenos\/"]}]},{"@type":"BreadcrumbList","@id":"https:\/\/samanthaestilistas.es\/conocenos\/#breadcrumb","itemListElement":[{"@type":"ListItem","position":1,"name":"Portada","item":"https:\/\/samanthaestilistas.es\/"},{"@type":"ListItem","position":2,"name":"Con\u00f3cenos"}]},{"@type":"WebSite","@id":"https:\/\/samanthaestilistas.es\/es\/#website","url":"https:\/\/samanthaestilistas.es\/es\/","name":"Samantha - Perruquers &amp; Barbers","description":"Peluquer\u00eda y Barber Shop de Sabadell","publisher":{"@id":"https:\/\/samanthaestilistas.es\/es\/#organization"},"potentialAction":[{"@type":"SearchAction","target":{"@type":"EntryPoint","urlTemplate":"https:\/\/samanthaestilistas.es\/es\/?s={search_term_string}"},"query-input":{"@type":"PropertyValueSpecification","valueRequired":true,"valueName":"search_term_string"}}],"inLanguage":"es"},{"@type":"Organization","@id":"https:\/\/samanthaestilistas.es\/es\/#organization","name":"Samantha - Perruquers & Barbers","url":"https:\/\/samanthaestilistas.es\/es\/","logo":{"@type":"ImageObject","inLanguage":"es","@id":"https:\/\/samanthaestilistas.es\/es\/#\/schema\/logo\/image\/","url":"https:\/\/samanthaestilistas.es\/wp-content\/uploads\/2021\/09\/WhatsApp-Image-2020-03-08-at-20.51.37.jpeg","contentUrl":"https:\/\/samanthaestilistas.es\/wp-content\/uploads\/2021\/09\/WhatsApp-Image-2020-03-08-at-20.51.37.jpeg","width":1000,"height":1000,"caption":"Samantha - Perruquers & Barbers"},"image":{"@id":"https:\/\/samanthaestilistas.es\/es\/#\/schema\/logo\/image\/"}}]}},"_links":{"self":[{"href":"https:\/\/samanthaestilistas.es\/es\/wp-json\/wp\/v2\/pages\/19","targetHints":{"allow":["GET"]}}],"collection":[{"href":"https:\/\/samanthaestilistas.es\/es\/wp-json\/wp\/v2\/pages"}],"about":[{"href":"https:\/\/samanthaestilistas.es\/es\/wp-json\/wp\/v2\/types\/page"}],"author":[{"embeddable":true,"href":"https:\/\/samanthaestilistas.es\/es\/wp-json\/wp\/v2\/users\/4"}],"replies":[{"embeddable":true,"href":"https:\/\/samanthaestilistas.es\/es\/wp-json\/wp\/v2\/comments?post=19"}],"version-history":[{"count":21,"href":"https:\/\/samanthaestilistas.es\/es\/wp-json\/wp\/v2\/pages\/19\/revisions"}],"predecessor-version":[{"id":331,"href":"https:\/\/samanthaestilistas.es\/es\/wp-json\/wp\/v2\/pages\/19\/revisions\/331"}],"wp:attachment":[{"href":"https:\/\/samanthaestilistas.es\/es\/wp-json\/wp\/v2\/media?parent=19"}],"curies":[{"name":"wp","href":"https:\/\/api.w.org\/{rel}","templated":true}]}}